{"id":58,"date":"2025-11-16T18:27:03","date_gmt":"2025-11-16T17:27:03","guid":{"rendered":"http:\/\/torce2026.fr\/?page_id=58"},"modified":"2026-03-13T17:04:30","modified_gmt":"2026-03-13T16:04:30","slug":"bienvenue-sur-le-site-du-projet-pour-torce-en-vallee","status":"publish","type":"page","link":"https:\/\/torce2026.fr\/","title":{"rendered":"Bienvenue sur le site du projet pour Torc\u00e9 en vall\u00e9e"},"content":{"rendered":"\n<div class=\"wp-block-columns is-style-section-1 has-border-color has-accent-4-border-color is-layout-flex wp-container-core-columns-is-layout-28f84493 wp-block-columns-is-layout-flex is-style-section-1--1\">\n<div class=\"wp-block-column is-layout-flow wp-block-column-is-layout-flow\" style=\"flex-basis:33.33%\">\n<figure class=\"wp-block-image size-large\"><img loading=\"lazy\" decoding=\"async\" width=\"1024\" height=\"683\" src=\"http:\/\/torce2026.fr\/wp-content\/uploads\/2026\/01\/Logo-1-1024x683.png\" alt=\"\" class=\"wp-image-147\" srcset=\"https:\/\/torce2026.fr\/wp-content\/uploads\/2026\/01\/Logo-1-1024x683.png 1024w, https:\/\/torce2026.fr\/wp-content\/uploads\/2026\/01\/Logo-1-300x200.png 300w, https:\/\/torce2026.fr\/wp-content\/uploads\/2026\/01\/Logo-1-768x512.png 768w, https:\/\/torce2026.fr\/wp-content\/uploads\/2026\/01\/Logo-1.png 1536w\" sizes=\"auto, (max-width: 1024px) 100vw, 1024px\" \/><\/figure>\n<\/div>\n\n\n\n<div class=\"wp-block-column is-layout-flow wp-block-column-is-layout-flow\" style=\"flex-basis:66.66%\">\n<p class=\"has-accent-4-color has-text-color has-link-color has-manrope-font-family has-x-large-font-size wp-elements-2056a9d48420ff9c03706fc92eb4ab6d\"><em>Torc\u00e9, une campagne \u00e0 vivre!<\/em><\/p>\n<\/div>\n<\/div>\n\n\n\n<div class=\"wp-block-media-text is-stacked-on-mobile\"><figure class=\"wp-block-media-text__media\"><img loading=\"lazy\" decoding=\"async\" width=\"924\" height=\"820\" src=\"https:\/\/torce2026.fr\/wp-content\/uploads\/2026\/03\/Image-collee.png\" alt=\"\" class=\"wp-image-297 size-full\" srcset=\"https:\/\/torce2026.fr\/wp-content\/uploads\/2026\/03\/Image-collee.png 924w, https:\/\/torce2026.fr\/wp-content\/uploads\/2026\/03\/Image-collee-300x266.png 300w, https:\/\/torce2026.fr\/wp-content\/uploads\/2026\/03\/Image-collee-768x682.png 768w\" sizes=\"auto, (max-width: 924px) 100vw, 924px\" \/><\/figure><div class=\"wp-block-media-text__content\">\n<p>Nouvelles vid\u00e9os<\/p>\n\n\n\n<div class=\"wp-block-buttons is-layout-flex wp-block-buttons-is-layout-flex\">\n<div class=\"wp-block-button has-custom-width wp-block-button__width-100\"><a class=\"wp-block-button__link has-accent-3-background-color has-background has-large-font-size has-custom-font-size wp-element-button\" href=\"https:\/\/torce2026.fr\/?page_id=292\">A voir absolument<\/a><\/div>\n<\/div>\n<\/div><\/div>\n\n\n\n<div class=\"wp-block-media-text has-media-on-the-right is-stacked-on-mobile\"><div class=\"wp-block-media-text__content\">\n<p>Notre affiche<\/p>\n\n\n\n<div class=\"wp-block-buttons is-layout-flex wp-block-buttons-is-layout-flex\">\n<div class=\"wp-block-button has-custom-width wp-block-button__width-100\"><a class=\"wp-block-button__link has-accent-3-background-color has-background has-large-font-size has-custom-font-size wp-element-button\" href=\"https:\/\/torce2026.fr\/?page_id=274\">D\u00e9couvrir<\/a><\/div>\n<\/div>\n\n\n\n<hr class=\"wp-block-separator has-alpha-channel-opacity\"\/>\n\n\n\n<p>Et nos vid\u00e9os<\/p>\n\n\n\n<div class=\"wp-block-buttons is-layout-flex wp-block-buttons-is-layout-flex\">\n<div class=\"wp-block-button has-custom-width wp-block-button__width-100\"><a class=\"wp-block-button__link has-accent-3-background-color has-background has-large-font-size has-custom-font-size wp-element-button\" href=\"https:\/\/torce2026.fr\/?page_id=281\">Vid\u00e9os<\/a><\/div>\n<\/div>\n<\/div><figure class=\"wp-block-media-text__media\"><img loading=\"lazy\" decoding=\"async\" width=\"725\" height=\"1024\" src=\"https:\/\/torce2026.fr\/wp-content\/uploads\/2026\/03\/version-3-5-1-725x1024.png\" alt=\"\" class=\"wp-image-277 size-full\" srcset=\"https:\/\/torce2026.fr\/wp-content\/uploads\/2026\/03\/version-3-5-1-725x1024.png 725w, https:\/\/torce2026.fr\/wp-content\/uploads\/2026\/03\/version-3-5-1-212x300.png 212w, https:\/\/torce2026.fr\/wp-content\/uploads\/2026\/03\/version-3-5-1-768x1085.png 768w, https:\/\/torce2026.fr\/wp-content\/uploads\/2026\/03\/version-3-5-1-1087x1536.png 1087w, https:\/\/torce2026.fr\/wp-content\/uploads\/2026\/03\/version-3-5-1.png 1280w\" sizes=\"auto, (max-width: 725px) 100vw, 725px\" \/><\/figure><\/div>\n\n\n\n<hr class=\"wp-block-separator has-alpha-channel-opacity\"\/>\n\n\n\n<div class=\"wp-block-media-text is-stacked-on-mobile\"><figure class=\"wp-block-media-text__media\"><img loading=\"lazy\" decoding=\"async\" width=\"640\" height=\"640\" src=\"https:\/\/torce2026.fr\/wp-content\/uploads\/2026\/02\/Vincent_2.png\" alt=\"\" class=\"wp-image-254 size-full\" srcset=\"https:\/\/torce2026.fr\/wp-content\/uploads\/2026\/02\/Vincent_2.png 640w, https:\/\/torce2026.fr\/wp-content\/uploads\/2026\/02\/Vincent_2-300x300.png 300w, https:\/\/torce2026.fr\/wp-content\/uploads\/2026\/02\/Vincent_2-150x150.png 150w\" sizes=\"auto, (max-width: 640px) 100vw, 640px\" \/><\/figure><div class=\"wp-block-media-text__content\">\n<p>Mes prises de position au cours de ce dernier mandat<\/p>\n\n\n\n<div class=\"wp-block-buttons is-layout-flex wp-block-buttons-is-layout-flex\">\n<div class=\"wp-block-button has-custom-width wp-block-button__width-100\"><a class=\"wp-block-button__link has-accent-3-background-color has-background has-large-font-size has-custom-font-size wp-element-button\" href=\"https:\/\/torce2026.fr\/?page_id=251\">Je veux savoir!<\/a><\/div>\n<\/div>\n<\/div><\/div>\n\n\n\n<hr class=\"wp-block-separator has-alpha-channel-opacity\"\/>\n\n\n\n<div class=\"wp-block-media-text is-stacked-on-mobile\"><figure class=\"wp-block-media-text__media\"><img loading=\"lazy\" decoding=\"async\" width=\"1024\" height=\"767\" src=\"https:\/\/torce2026.fr\/wp-content\/uploads\/2026\/02\/Info_fevrier-1024x767.png\" alt=\"\" class=\"wp-image-247 size-full\" srcset=\"https:\/\/torce2026.fr\/wp-content\/uploads\/2026\/02\/Info_fevrier-1024x767.png 1024w, https:\/\/torce2026.fr\/wp-content\/uploads\/2026\/02\/Info_fevrier-300x225.png 300w, https:\/\/torce2026.fr\/wp-content\/uploads\/2026\/02\/Info_fevrier-768x575.png 768w, https:\/\/torce2026.fr\/wp-content\/uploads\/2026\/02\/Info_fevrier.png 1433w\" sizes=\"auto, (max-width: 1024px) 100vw, 1024px\" \/><\/figure><div class=\"wp-block-media-text__content\">\n<p>Notre bulletin d&rsquo;information de F\u00e9vrier<\/p>\n\n\n\n<p><\/p>\n<\/div><\/div>\n\n\n\n<div class=\"wp-block-buttons is-layout-flex wp-block-buttons-is-layout-flex\">\n<div class=\"wp-block-button has-custom-width wp-block-button__width-100\"><a class=\"wp-block-button__link has-accent-3-background-color has-background has-large-font-size has-custom-font-size wp-element-button\" href=\"https:\/\/torce2026.fr\/?page_id=243\">Le lire<\/a><\/div>\n<\/div>\n\n\n\n<hr class=\"wp-block-separator has-alpha-channel-opacity\"\/>\n\n\n\n<div class=\"wp-block-media-text has-media-on-the-right is-stacked-on-mobile\"><div class=\"wp-block-media-text__content\">\n<p>Envie de nous connaitre?<\/p>\n<\/div><figure class=\"wp-block-media-text__media\"><img loading=\"lazy\" decoding=\"async\" width=\"800\" height=\"546\" src=\"https:\/\/torce2026.fr\/wp-content\/uploads\/2026\/02\/liste.png\" alt=\"\" class=\"wp-image-234 size-full\" srcset=\"https:\/\/torce2026.fr\/wp-content\/uploads\/2026\/02\/liste.png 800w, https:\/\/torce2026.fr\/wp-content\/uploads\/2026\/02\/liste-300x205.png 300w, https:\/\/torce2026.fr\/wp-content\/uploads\/2026\/02\/liste-768x524.png 768w\" sizes=\"auto, (max-width: 800px) 100vw, 800px\" \/><\/figure><\/div>\n\n\n\n<div class=\"wp-block-buttons is-layout-flex wp-block-buttons-is-layout-flex\">\n<div class=\"wp-block-button has-custom-width wp-block-button__width-100\"><a class=\"wp-block-button__link has-accent-3-background-color has-background has-large-font-size has-custom-font-size wp-element-button\" href=\"https:\/\/torce2026.fr\/?page_id=164\">Galerie de portrait<\/a><\/div>\n<\/div>\n\n\n\n<hr class=\"wp-block-separator has-alpha-channel-opacity\"\/>\n\n\n\n<div class=\"wp-block-media-text has-media-on-the-right is-stacked-on-mobile\"><div class=\"wp-block-media-text__content\">\n<p>Les ordures m\u00e9nag\u00e8res, \u00e7a devient pr\u00e9occupant?<\/p>\n<\/div><figure class=\"wp-block-media-text__media\"><img loading=\"lazy\" decoding=\"async\" width=\"500\" height=\"390\" src=\"https:\/\/torce2026.fr\/wp-content\/uploads\/2026\/01\/bac_om2.png\" alt=\"\" class=\"wp-image-161 size-full\" srcset=\"https:\/\/torce2026.fr\/wp-content\/uploads\/2026\/01\/bac_om2.png 500w, https:\/\/torce2026.fr\/wp-content\/uploads\/2026\/01\/bac_om2-300x234.png 300w\" sizes=\"auto, (max-width: 500px) 100vw, 500px\" \/><\/figure><\/div>\n\n\n\n<div class=\"wp-block-buttons is-content-justification-right is-layout-flex wp-container-core-buttons-is-layout-d445cf74 wp-block-buttons-is-layout-flex\">\n<div class=\"wp-block-button has-custom-width wp-block-button__width-100\"><a class=\"wp-block-button__link has-accent-3-background-color has-background has-large-font-size has-text-align-center has-custom-font-size wp-element-button\" href=\"https:\/\/torce2026.fr\/?page_id=152\">Les ordures m\u00e9nag\u00e8res<\/a><\/div>\n<\/div>\n\n\n\n<hr class=\"wp-block-separator has-alpha-channel-opacity\"\/>\n\n\n\n<div class=\"wp-block-media-text is-stacked-on-mobile\"><figure class=\"wp-block-media-text__media\"><img loading=\"lazy\" decoding=\"async\" width=\"764\" height=\"489\" src=\"http:\/\/torce2026.fr\/wp-content\/uploads\/2025\/12\/population_2.png\" alt=\"\" class=\"wp-image-128 size-full\" srcset=\"https:\/\/torce2026.fr\/wp-content\/uploads\/2025\/12\/population_2.png 764w, https:\/\/torce2026.fr\/wp-content\/uploads\/2025\/12\/population_2-300x192.png 300w\" sizes=\"auto, (max-width: 764px) 100vw, 764px\" \/><\/figure><div class=\"wp-block-media-text__content\">\n<p>Et la population? On en dit quoi?<\/p>\n<\/div><\/div>\n\n\n\n<div class=\"wp-block-buttons is-content-justification-right is-layout-flex wp-container-core-buttons-is-layout-d445cf74 wp-block-buttons-is-layout-flex\">\n<div class=\"wp-block-button has-custom-width wp-block-button__width-100\"><a class=\"wp-block-button__link has-accent-3-background-color has-background has-large-font-size has-custom-font-size wp-element-button\" href=\"https:\/\/torce2026.fr\/?page_id=126\">La population<\/a><\/div>\n<\/div>\n\n\n\n<hr class=\"wp-block-separator has-alpha-channel-opacity\"\/>\n\n\n\n<div class=\"wp-block-media-text has-media-on-the-right is-stacked-on-mobile\"><div class=\"wp-block-media-text__content\">\n<p>Circuler \u00e0 pied, en v\u00e9los?<\/p>\n<\/div><figure class=\"wp-block-media-text__media\"><img loading=\"lazy\" decoding=\"async\" width=\"299\" height=\"169\" src=\"http:\/\/torce2026.fr\/wp-content\/uploads\/2025\/12\/busage-1.jpg\" alt=\"\" class=\"wp-image-120 size-full\"\/><\/figure><\/div>\n\n\n\n<div class=\"wp-block-buttons is-content-justification-right is-layout-flex wp-container-core-buttons-is-layout-d445cf74 wp-block-buttons-is-layout-flex\">\n<div class=\"wp-block-button has-custom-width wp-block-button__width-100\"><a class=\"wp-block-button__link has-accent-3-background-color has-background has-large-font-size has-custom-font-size wp-element-button\" href=\"https:\/\/torce2026.fr\/?page_id=115\">Se d\u00e9placer en s\u00e9curit\u00e9<\/a><\/div>\n<\/div>\n\n\n\n<hr class=\"wp-block-separator has-alpha-channel-opacity\"\/>\n\n\n\n<div class=\"wp-block-media-text is-stacked-on-mobile\"><figure class=\"wp-block-media-text__media\"><img loading=\"lazy\" decoding=\"async\" width=\"720\" height=\"480\" src=\"http:\/\/torce2026.fr\/wp-content\/uploads\/2025\/11\/vive_parence.png\" alt=\"\" class=\"wp-image-79 size-full\" srcset=\"https:\/\/torce2026.fr\/wp-content\/uploads\/2025\/11\/vive_parence.png 720w, https:\/\/torce2026.fr\/wp-content\/uploads\/2025\/11\/vive_parence-300x200.png 300w\" sizes=\"auto, (max-width: 720px) 100vw, 720px\" \/><\/figure><div class=\"wp-block-media-text__content\">\n<p>Et au milieu coule une rivi\u00e8re!<\/p>\n<\/div><\/div>\n\n\n\n<div class=\"wp-block-buttons is-content-justification-right is-layout-flex wp-container-core-buttons-is-layout-d445cf74 wp-block-buttons-is-layout-flex\">\n<div class=\"wp-block-button has-custom-width wp-block-button__width-100\"><a class=\"wp-block-button__link has-accent-3-background-color has-background has-large-font-size has-custom-font-size wp-element-button\" href=\"https:\/\/torce2026.fr\/?page_id=78\">Le rafraichissement, c&rsquo;est par ici!<\/a><\/div>\n<\/div>\n\n\n\n<hr class=\"wp-block-separator has-alpha-channel-opacity\"\/>\n\n\n\n<div class=\"wp-block-media-text has-media-on-the-right is-stacked-on-mobile\"><div class=\"wp-block-media-text__content\">\n<p>La voirie \u00e0 Torc\u00e9: Le casse t\u00eate!<\/p>\n<\/div><figure class=\"wp-block-media-text__media\"><img loading=\"lazy\" decoding=\"async\" width=\"576\" height=\"384\" src=\"http:\/\/torce2026.fr\/wp-content\/uploads\/2025\/11\/Torce_2.jpg\" alt=\"\" class=\"wp-image-91 size-full\" srcset=\"https:\/\/torce2026.fr\/wp-content\/uploads\/2025\/11\/Torce_2.jpg 576w, https:\/\/torce2026.fr\/wp-content\/uploads\/2025\/11\/Torce_2-300x200.jpg 300w\" sizes=\"auto, (max-width: 576px) 100vw, 576px\" \/><\/figure><\/div>\n\n\n\n<div class=\"wp-block-buttons is-content-justification-right is-layout-flex wp-container-core-buttons-is-layout-d445cf74 wp-block-buttons-is-layout-flex\">\n<div class=\"wp-block-button has-custom-width wp-block-button__width-100\"><a class=\"wp-block-button__link has-accent-3-background-color has-background has-large-font-size has-custom-font-size wp-element-button\" href=\"https:\/\/torce2026.fr\/?page_id=81\">Quelques id\u00e9es?<\/a><\/div>\n<\/div>\n\n\n\n<hr class=\"wp-block-separator has-alpha-channel-opacity\"\/>\n\n\n\n<div class=\"wp-block-media-text is-stacked-on-mobile\"><figure class=\"wp-block-media-text__media\"><img loading=\"lazy\" decoding=\"async\" width=\"1024\" height=\"681\" src=\"http:\/\/torce2026.fr\/wp-content\/uploads\/2025\/11\/DSC_3026-1024x681.jpg\" alt=\"\" class=\"wp-image-50 size-full\" srcset=\"https:\/\/torce2026.fr\/wp-content\/uploads\/2025\/11\/DSC_3026-1024x681.jpg 1024w, https:\/\/torce2026.fr\/wp-content\/uploads\/2025\/11\/DSC_3026-300x200.jpg 300w, https:\/\/torce2026.fr\/wp-content\/uploads\/2025\/11\/DSC_3026-768x511.jpg 768w, https:\/\/torce2026.fr\/wp-content\/uploads\/2025\/11\/DSC_3026-1536x1022.jpg 1536w, https:\/\/torce2026.fr\/wp-content\/uploads\/2025\/11\/DSC_3026-2048x1363.jpg 2048w\" sizes=\"auto, (max-width: 1024px) 100vw, 1024px\" \/><\/figure><div class=\"wp-block-media-text__content\">\n<h3 class=\"wp-block-heading\"><strong>Les entr\u00e9es du bourg, premier contact avec le c\u0153ur du village. <\/strong><\/h3>\n\n\n\n<p>Vous avez envie d&rsquo;en parler?<\/p>\n<\/div><\/div>\n\n\n\n<div class=\"wp-block-buttons is-content-justification-right is-layout-flex wp-container-core-buttons-is-layout-d445cf74 wp-block-buttons-is-layout-flex\">\n<div class=\"wp-block-button has-custom-width wp-block-button__width-100\"><a class=\"wp-block-button__link has-accent-3-background-color has-background has-large-font-size has-text-align-center has-custom-font-size wp-element-button\" href=\"http:\/\/torce2026.fr\/?page_id=49\">Lire l&rsquo;article<\/a><\/div>\n<\/div>\n\n\n\n<hr class=\"wp-block-separator has-alpha-channel-opacity\"\/>\n\n\n\n<div class=\"wp-block-media-text has-media-on-the-right is-stacked-on-mobile\"><div class=\"wp-block-media-text__content\">\n<h3 class=\"wp-block-heading\"><strong>Le Dolmen, lieu de vie et de regroupement de nos jeunes<\/strong><\/h3>\n\n\n\n<p>Vous avez des id\u00e9es pour le transformer?<\/p>\n<\/div><figure class=\"wp-block-media-text__media\"><img loading=\"lazy\" decoding=\"async\" width=\"1024\" height=\"681\" src=\"http:\/\/torce2026.fr\/wp-content\/uploads\/2025\/11\/DSC_3036-1024x681.jpg\" alt=\"\" class=\"wp-image-47 size-full\" srcset=\"https:\/\/torce2026.fr\/wp-content\/uploads\/2025\/11\/DSC_3036-1024x681.jpg 1024w, https:\/\/torce2026.fr\/wp-content\/uploads\/2025\/11\/DSC_3036-300x200.jpg 300w, https:\/\/torce2026.fr\/wp-content\/uploads\/2025\/11\/DSC_3036-768x511.jpg 768w, https:\/\/torce2026.fr\/wp-content\/uploads\/2025\/11\/DSC_3036-1536x1022.jpg 1536w, https:\/\/torce2026.fr\/wp-content\/uploads\/2025\/11\/DSC_3036-2048x1363.jpg 2048w\" sizes=\"auto, (max-width: 1024px) 100vw, 1024px\" \/><\/figure><\/div>\n\n\n\n<div class=\"wp-block-buttons is-content-justification-right is-layout-flex wp-container-core-buttons-is-layout-d445cf74 wp-block-buttons-is-layout-flex\">\n<div class=\"wp-block-button has-custom-width wp-block-button__width-100\"><a class=\"wp-block-button__link has-accent-3-background-color has-background has-large-font-size has-custom-font-size wp-element-button\" href=\"http:\/\/torce2026.fr\/?page_id=46\">Alors c&rsquo;est ici que cela se passe!<\/a><\/div>\n<\/div>\n\n\n\n<hr class=\"wp-block-separator has-alpha-channel-opacity\"\/>\n\n\n\n<div class=\"wp-block-media-text is-stacked-on-mobile\"><figure class=\"wp-block-media-text__media\"><img loading=\"lazy\" decoding=\"async\" width=\"1024\" height=\"681\" src=\"http:\/\/torce2026.fr\/wp-content\/uploads\/2025\/11\/DSC_3039-1024x681.jpg\" alt=\"\" class=\"wp-image-40 size-full\" srcset=\"https:\/\/torce2026.fr\/wp-content\/uploads\/2025\/11\/DSC_3039-1024x681.jpg 1024w, https:\/\/torce2026.fr\/wp-content\/uploads\/2025\/11\/DSC_3039-300x200.jpg 300w, https:\/\/torce2026.fr\/wp-content\/uploads\/2025\/11\/DSC_3039-768x511.jpg 768w, https:\/\/torce2026.fr\/wp-content\/uploads\/2025\/11\/DSC_3039-1536x1022.jpg 1536w, https:\/\/torce2026.fr\/wp-content\/uploads\/2025\/11\/DSC_3039-2048x1363.jpg 2048w\" sizes=\"auto, (max-width: 1024px) 100vw, 1024px\" \/><\/figure><div class=\"wp-block-media-text__content\">\n<h3 class=\"wp-block-heading\"><strong>Le Patrimoine immobilier communal<\/strong><\/h3>\n\n\n\n<p>Un petit bilan ne ferait pas de mal?<\/p>\n<\/div><\/div>\n\n\n\n<div class=\"wp-block-buttons is-content-justification-right is-layout-flex wp-container-core-buttons-is-layout-d445cf74 wp-block-buttons-is-layout-flex\">\n<div class=\"wp-block-button has-custom-width wp-block-button__width-100\"><a class=\"wp-block-button__link has-accent-3-background-color has-background has-large-font-size has-custom-font-size wp-element-button\" href=\"http:\/\/torce2026.fr\/?page_id=38\">Un petit tour du propri\u00e9taire<\/a><\/div>\n<\/div>\n\n\n\n<hr class=\"wp-block-separator has-alpha-channel-opacity\"\/>\n\n\n\n<h3 class=\"wp-block-heading\"><strong>La vie associative<\/strong><\/h3>\n\n\n\n<p>Connaissez-vous toutes les associations du village?<\/p>\n\n\n\n<div class=\"wp-block-buttons is-content-justification-right is-layout-flex wp-container-core-buttons-is-layout-d445cf74 wp-block-buttons-is-layout-flex\">\n<div class=\"wp-block-button has-custom-width wp-block-button__width-100\"><a class=\"wp-block-button__link has-accent-3-background-color has-background has-large-font-size has-custom-font-size wp-element-button\" href=\"http:\/\/torce2026.fr\/?page_id=43\">Lire l&rsquo;article<\/a><\/div>\n<\/div>\n\n\n\n<hr class=\"wp-block-separator has-alpha-channel-opacity\"\/>\n\n\n\n<h2 class=\"wp-block-heading has-text-align-center\">Archives<\/h2>\n\n\n\n<h3 class=\"wp-block-heading\"><strong>Lettre aux habitants de Torc\u00e9 en Vall\u00e9e du 19 Juillet 2024.<\/strong><\/h3>\n\n\n\n<p>Envie d&rsquo;en savoir plus sur nos motivations?<\/p>\n\n\n\n<div class=\"wp-block-buttons is-content-justification-right is-layout-flex wp-container-core-buttons-is-layout-d445cf74 wp-block-buttons-is-layout-flex\">\n<div class=\"wp-block-button has-custom-width wp-block-button__width-100\"><a class=\"wp-block-button__link has-accent-3-background-color has-background has-large-font-size has-custom-font-size wp-element-button\" href=\"http:\/\/torce2026.fr\/?page_id=34\">Lire la lettre<\/a><\/div>\n<\/div>\n\n\n\n<hr class=\"wp-block-separator has-alpha-channel-opacity\"\/>\n\n\n\n<p>Ce site va se construire en m\u00eame temps que nous construisons notre projet, et ceci avec vous.<\/p>\n\n\n\n<h2 class=\"wp-block-heading\">Pour nous contacter:<\/h2>\n\n\n\n<p>Envoyez nous un mail avec vos id\u00e9es, ce qu\u2019il faut am\u00e9liorer, ce qui est une r\u00e9ussite, ce que vous avez vu dans un autre village\u2026<\/p>\n\n\n\n<p class=\"has-text-align-center has-xx-large-font-size\"><strong><a href=\"mailto:contact@torce2026.fr\">contact@torce2026.fr<\/a><\/strong><\/p>\n\n\n\n<p class=\"has-text-align-center is-style-text-annotation has-accent-5-background-color has-background is-style-text-annotation--2\" style=\"border-width:3px;border-radius:69px\">Anonymat respect\u00e9<\/p>\n\n\n\n<p>Merci d\u2019avance.<\/p>\n\n\n\n<p><\/p>\n","protected":false},"excerpt":{"rendered":"<p>Torc\u00e9, une campagne \u00e0 vivre! Notre bulletin d&rsquo;information de F\u00e9vrier Envie de nous connaitre? Les ordures m\u00e9nag\u00e8res, \u00e7a devient pr\u00e9occupant? Et la population? On en dit quoi? Circuler \u00e0 pied, en v\u00e9los? Et au milieu coule une rivi\u00e8re! La voirie \u00e0 Torc\u00e9: Le casse t\u00eate! Les entr\u00e9es du bourg, premier contact avec le c\u0153ur du [&hellip;]<\/p>\n","protected":false},"author":1,"featured_media":0,"parent":0,"menu_order":0,"comment_status":"closed","ping_status":"closed","template":"","meta":{"footnotes":""},"class_list":["post-58","page","type-page","status-publish","hentry"],"_links":{"self":[{"href":"https:\/\/torce2026.fr\/index.php?rest_route=\/wp\/v2\/pages\/58","targetHints":{"allow":["GET"]}}],"collection":[{"href":"https:\/\/torce2026.fr\/index.php?rest_route=\/wp\/v2\/pages"}],"about":[{"href":"https:\/\/torce2026.fr\/index.php?rest_route=\/wp\/v2\/types\/page"}],"author":[{"embeddable":true,"href":"https:\/\/torce2026.fr\/index.php?rest_route=\/wp\/v2\/users\/1"}],"replies":[{"embeddable":true,"href":"https:\/\/torce2026.fr\/index.php?rest_route=%2Fwp%2Fv2%2Fcomments&post=58"}],"version-history":[{"count":29,"href":"https:\/\/torce2026.fr\/index.php?rest_route=\/wp\/v2\/pages\/58\/revisions"}],"predecessor-version":[{"id":298,"href":"https:\/\/torce2026.fr\/index.php?rest_route=\/wp\/v2\/pages\/58\/revisions\/298"}],"wp:attachment":[{"href":"https:\/\/torce2026.fr\/index.php?rest_route=%2Fwp%2Fv2%2Fmedia&parent=58"}],"curies":[{"name":"wp","href":"https:\/\/api.w.org\/{rel}","templated":true}]}}