{"id":46,"date":"2025-11-16T17:40:13","date_gmt":"2025-11-16T16:40:13","guid":{"rendered":"http:\/\/torce2026.fr\/?page_id=46"},"modified":"2026-01-18T22:11:32","modified_gmt":"2026-01-18T21:11:32","slug":"amenagement-paysager-du-dolmen","status":"publish","type":"page","link":"https:\/\/torce2026.fr\/?page_id=46","title":{"rendered":"Am\u00e9nagement paysager du Dolmen"},"content":{"rendered":"<div class=\"wp-block-post-date\"><time datetime=\"2025-11-16T17:40:13+01:00\">16\/11\/2025<\/time><\/div>\n\n\n<p><strong>L\u2019espace autour du dolmen, actuellement d\u00e9laiss\u00e9, pourrait \u00eatre valoris\u00e9 par une v\u00e9g\u00e9talisation simple, notamment via la plantation d\u2019arbres fruitiers en libre r\u00e9colte ou d\u2019arbres de hautes tiges.<br>Cette approche renforcerait la biodiversit\u00e9 tout en r\u00e9duisant les co\u00fbts d\u2019entretien. Il serait aussi pertinent d\u2019am\u00e9liorer le mobilier urbain pour faciliter la communication des associations locales.<\/strong><\/p>\n\n\n\n<figure class=\"wp-block-image size-large\"><img loading=\"lazy\" decoding=\"async\" width=\"1024\" height=\"681\" src=\"http:\/\/torce2026.fr\/wp-content\/uploads\/2025\/11\/DSC_3036-1024x681.jpg\" alt=\"\" class=\"wp-image-47\" style=\"aspect-ratio:16\/9;object-fit:cover\" srcset=\"https:\/\/torce2026.fr\/wp-content\/uploads\/2025\/11\/DSC_3036-1024x681.jpg 1024w, https:\/\/torce2026.fr\/wp-content\/uploads\/2025\/11\/DSC_3036-300x200.jpg 300w, https:\/\/torce2026.fr\/wp-content\/uploads\/2025\/11\/DSC_3036-768x511.jpg 768w, https:\/\/torce2026.fr\/wp-content\/uploads\/2025\/11\/DSC_3036-1536x1022.jpg 1536w, https:\/\/torce2026.fr\/wp-content\/uploads\/2025\/11\/DSC_3036-2048x1363.jpg 2048w\" sizes=\"auto, (max-width: 1024px) 100vw, 1024px\" \/><\/figure>\n\n\n\n<h2 class=\"wp-block-heading\">L\u2019espace autour du dolmen, un point de paysagement \u00e0 retravailler.<\/h2>\n\n\n\n<p>Dans sa forme actuelle, c\u2019est un espace vide que l\u2019on peut qualifier de \u00ab&nbsp;d\u00e9laiss\u00e9&nbsp;\u00bb. Ce type d\u2019espace doit pouvoir \u00eatre v\u00e9g\u00e9talis\u00e9 \u00e0 moindre frais. Nous pouvons envisager une mobilisation d\u2019un week end de novembre pour assurer des plantations d\u2019arbres de hautes tiges ou de fruitiers (pommiers de plein champ, prunier, cerisier). Pour ces derniers les r\u00e9coltes seraient libres puisque sur un espace commun.<\/p>\n\n\n\n<h2 class=\"wp-block-heading\">R\u00e9duire les co\u00fbts d\u2019entretien<\/h2>\n\n\n\n<p> Un espace vert livr\u00e9 \u00e0 la seule tonte est faible en biodiversit\u00e9 et n\u00e9cessite un entretien r\u00e9gulier co\u00fbteux en consommable et en heure de travail. Une v\u00e9g\u00e9talisation bien pens\u00e9e, sans taille r\u00e9guli\u00e8re et sans occulter les perspectives serait b\u00e9n\u00e9fique \u00e0 cet emplacement et \u00e0 la requalification de cette entr\u00e9e de bourg.<\/p>\n\n\n\n<h2 class=\"wp-block-heading\">Faciliter la communication des associations locales<\/h2>\n\n\n\n<p>Il est \u00e0 noter que l\u2019initiative des associations pour communiquer sur les tr\u00e9teaux doit pouvoir trouver un \u00e9cho avec un mobilier urbain adapt\u00e9 \u00e0 la lecture en voiture et plus pratique pour les associations. Une table ronde peut \u00eatre facilement tenue sur ces questions de communications \u00e9v\u00e8nementielles.<\/p>\n\n\n\n<p>Vous avez des id\u00e9es? C&rsquo;est ici: <strong><a href=\"mailto:contact@torce2026.fr\">contact@torce2026.fr<\/a><\/strong><\/p>\n\n\n\n<p><\/p>\n","protected":false},"excerpt":{"rendered":"<p>L\u2019espace autour du dolmen, actuellement d\u00e9laiss\u00e9, pourrait \u00eatre valoris\u00e9 par une v\u00e9g\u00e9talisation simple, notamment via la plantation d\u2019arbres fruitiers en libre r\u00e9colte ou d\u2019arbres de hautes tiges.Cette approche renforcerait la biodiversit\u00e9 tout en r\u00e9duisant les co\u00fbts d\u2019entretien. Il serait aussi pertinent d\u2019am\u00e9liorer le mobilier urbain pour faciliter la communication des associations locales. L\u2019espace autour du [&hellip;]<\/p>\n","protected":false},"author":1,"featured_media":0,"parent":0,"menu_order":0,"comment_status":"closed","ping_status":"closed","template":"","meta":{"footnotes":""},"class_list":["post-46","page","type-page","status-publish","hentry"],"_links":{"self":[{"href":"https:\/\/torce2026.fr\/index.php?rest_route=\/wp\/v2\/pages\/46","targetHints":{"allow":["GET"]}}],"collection":[{"href":"https:\/\/torce2026.fr\/index.php?rest_route=\/wp\/v2\/pages"}],"about":[{"href":"https:\/\/torce2026.fr\/index.php?rest_route=\/wp\/v2\/types\/page"}],"author":[{"embeddable":true,"href":"https:\/\/torce2026.fr\/index.php?rest_route=\/wp\/v2\/users\/1"}],"replies":[{"embeddable":true,"href":"https:\/\/torce2026.fr\/index.php?rest_route=%2Fwp%2Fv2%2Fcomments&post=46"}],"version-history":[{"count":5,"href":"https:\/\/torce2026.fr\/index.php?rest_route=\/wp\/v2\/pages\/46\/revisions"}],"predecessor-version":[{"id":139,"href":"https:\/\/torce2026.fr\/index.php?rest_route=\/wp\/v2\/pages\/46\/revisions\/139"}],"wp:attachment":[{"href":"https:\/\/torce2026.fr\/index.php?rest_route=%2Fwp%2Fv2%2Fmedia&parent=46"}],"curies":[{"name":"wp","href":"https:\/\/api.w.org\/{rel}","templated":true}]}}