{"id":43,"date":"2025-11-16T17:37:42","date_gmt":"2025-11-16T16:37:42","guid":{"rendered":"http:\/\/torce2026.fr\/?page_id=43"},"modified":"2025-12-07T21:50:14","modified_gmt":"2025-12-07T20:50:14","slug":"vie-associative","status":"publish","type":"page","link":"https:\/\/torce2026.fr\/?page_id=43","title":{"rendered":"Vie associative"},"content":{"rendered":"<div class=\"wp-block-post-date\"><time datetime=\"2025-11-16T17:37:42+01:00\">16\/11\/2025<\/time><\/div>\n\n\n<p><strong>La commune de Torc\u00e9-en-Vall\u00e9e dispose d\u2019un tissu associatif riche qui dynamise la vie locale gr\u00e2ce \u00e0 de nombreux \u00e9v\u00e9nements et services. Cependant, il manque des lieux adapt\u00e9s pour accueillir les associations, les assistantes maternelles et les activit\u00e9s sportives des enfants. Plusieurs pistes sont propos\u00e9es : inventaire des locaux disponibles, r\u00e9am\u00e9nagement d\u2019espaces existants, r\u00e9novation de b\u00e2timents anciens et r\u00e9flexion sur les \u00e9quipements sportifs.<\/strong><\/p>\n\n\n\n<p>Notre commune est dynamique gr\u00e2ce \u00e0 un tissu associatif fort. En effet, Torc\u00e9 en vall\u00e9e compte de nombreuses associations qui organisent tout au long de l\u2019ann\u00e9e divers \u00e9v\u00e9nements. Ils permettent de rassembler les Torc\u00e9ens et de partager des moments conviviaux. Elles proposent \u00e9galement des services \u00e0 la population.<\/p>\n\n\n\n<h2 class=\"wp-block-heading\">Le saviez-vous&nbsp;?<\/h2>\n\n\n\n<p>Savez-vous qu\u2019il y a des cours de musique sur la commune ou encore qu\u2019il y a une biblioth\u00e8que gratuite ouverte \u00e0 tous et tenue par des b\u00e9n\u00e9voles&nbsp;?<\/p>\n\n\n\n<p>Que les associations s\u2019adressent \u00e0 tous et proposent des activit\u00e9s, des sorties, des animations sur la commune. Il suffit de regarder le calendrier au dos du bulletin municipal pour s\u2019en rendre compte et saluer la richesse de l\u2019investissement des b\u00e9n\u00e9voles.<\/p>\n\n\n\n<p>Toutes ces associations font vivre le village et contribue \u00e0 son dynamisme.<\/p>\n\n\n\n<p>Malgr\u00e9 cela, nous avons fait le constat qu\u2019il manque des lieux de rassemblement pour les habitants.<\/p>\n\n\n\n<ul class=\"wp-block-list\">\n<li>Pas de local d\u00e9di\u00e9 aux associations permettant aux membres de se r\u00e9unir ou de stocker du mat\u00e9riel.<\/li>\n\n\n\n<li>Pas de local permettant aux assistantes maternelles de la commune de se retrouver dans le cadre du RAM (relais assistantes maternelles). Elles sont oblig\u00e9es d\u2019aller sur les communes environnantes.<\/li>\n\n\n\n<li>Pas de lieux pour les activit\u00e9s sportives pour les enfants de la commune. Il n\u2019y a pas d\u2019\u00e9quipement sportif ad\u00e9quat.<\/li>\n<\/ul>\n\n\n\n<p>Face \u00e0 ce constat, voici quelques pistes \u00e0 \u00e9tudier pour tenter d\u2019y rem\u00e9dier.<\/p>\n\n\n\n<ul class=\"wp-block-list\">\n<li>Faire un inventaire du patrimoine communal pour d\u00e9finir si un bien est disponible pour accueillir les associations.<\/li>\n\n\n\n<li>Am\u00e9nager une salle de classe vide au sein de l\u2019\u00e9cole.<\/li>\n\n\n\n<li>Utiliser la salle d\u2019activit\u00e9 du p\u00e9riscolaire \u00e0 l\u2019\u00e9cole pour y accueillir les activit\u00e9s du RAM et ainsi permettre aux assistantes maternelles de se r\u00e9unir.<\/li>\n\n\n\n<li>Faire un sondage aupr\u00e8s des habitants pour recueillir les souhaits des habitants en termes d\u2019\u00e9quipement n\u00e9cessaire sur la commune et tenir une table ronde avec les associations pour connaitre leurs besoins.<\/li>\n\n\n\n<li>Pourquoi ne pas r\u00e9nover l\u2019ancien presbyt\u00e8re ou l\u2019ancienne Poste \u00e0 destination des associations ?<\/li>\n\n\n\n<li>Poser un diagnostic sur le stade et le r\u00e9nover de mani\u00e8re r\u00e9fl\u00e9chie et raisonn\u00e9e pour recr\u00e9er un club de sport (rugby, rugby \u00e0 7, foot, foot ga\u00e9lique, pelote basque, parcours sant\u00e9 \u2026) mais \u00e9galement accueillir les enfants de la commune pour des activit\u00e9s sportives.<\/li>\n<\/ul>\n\n\n\n<p><\/p>\n","protected":false},"excerpt":{"rendered":"<p>La commune de Torc\u00e9-en-Vall\u00e9e dispose d\u2019un tissu associatif riche qui dynamise la vie locale gr\u00e2ce \u00e0 de nombreux \u00e9v\u00e9nements et services. Cependant, il manque des lieux adapt\u00e9s pour accueillir les associations, les assistantes maternelles et les activit\u00e9s sportives des enfants. Plusieurs pistes sont propos\u00e9es : inventaire des locaux disponibles, r\u00e9am\u00e9nagement d\u2019espaces existants, r\u00e9novation de b\u00e2timents [&hellip;]<\/p>\n","protected":false},"author":1,"featured_media":0,"parent":0,"menu_order":0,"comment_status":"closed","ping_status":"closed","template":"","meta":{"footnotes":""},"class_list":["post-43","page","type-page","status-publish","hentry"],"_links":{"self":[{"href":"https:\/\/torce2026.fr\/index.php?rest_route=\/wp\/v2\/pages\/43","targetHints":{"allow":["GET"]}}],"collection":[{"href":"https:\/\/torce2026.fr\/index.php?rest_route=\/wp\/v2\/pages"}],"about":[{"href":"https:\/\/torce2026.fr\/index.php?rest_route=\/wp\/v2\/types\/page"}],"author":[{"embeddable":true,"href":"https:\/\/torce2026.fr\/index.php?rest_route=\/wp\/v2\/users\/1"}],"replies":[{"embeddable":true,"href":"https:\/\/torce2026.fr\/index.php?rest_route=%2Fwp%2Fv2%2Fcomments&post=43"}],"version-history":[{"count":3,"href":"https:\/\/torce2026.fr\/index.php?rest_route=\/wp\/v2\/pages\/43\/revisions"}],"predecessor-version":[{"id":113,"href":"https:\/\/torce2026.fr\/index.php?rest_route=\/wp\/v2\/pages\/43\/revisions\/113"}],"wp:attachment":[{"href":"https:\/\/torce2026.fr\/index.php?rest_route=%2Fwp%2Fv2%2Fmedia&parent=43"}],"curies":[{"name":"wp","href":"https:\/\/api.w.org\/{rel}","templated":true}]}}