{"id":34,"date":"2025-11-16T17:20:25","date_gmt":"2025-11-16T16:20:25","guid":{"rendered":"http:\/\/torce2026.fr\/?page_id=34"},"modified":"2025-12-07T21:49:23","modified_gmt":"2025-12-07T20:49:23","slug":"courrier-du-19-juillet-2025","status":"publish","type":"page","link":"https:\/\/torce2026.fr\/?page_id=34","title":{"rendered":"Courrier du 19 juillet 2025"},"content":{"rendered":"<div class=\"wp-block-post-date\"><time datetime=\"2025-11-16T17:20:25+01:00\">16\/11\/2025<\/time><\/div>\n\n\n<hr class=\"wp-block-separator has-alpha-channel-opacity\"\/>\n\n\n\n<h2 class=\"wp-block-heading is-style-text-subtitle is-style-text-subtitle--1\">Madame, Monsieur,<\/h2>\n\n\n\n<p class=\"is-style-default\">Habitant la commune depuis 1994, je suis \u00e9lu conseiller municipal en 2014 sur la liste de M.Yves Gicquel, Maire de 2014 \u00e0 2020, puis \u00e9lu comme conseiller issu de la liste \u00ab Torc\u00e9, notre village \u00bb, en 2020.<br>Ce courrier vient en \u00e9cho \u00e0 la candidature de M. Jean Michel Royer, Maire, candidat \u00e0 sa r\u00e9\u00e9lection et qui s\u2019est prononc\u00e9 dans le Ouest France du 25 mars 2025.<br>Au cours de ce dernier mandat, j\u2019ai observ\u00e9 et particip\u00e9 aux d\u00e9bats au sein du conseil municipal. Je me suis parfois oppos\u00e9 aux propositions de la majorit\u00e9 municipale, j\u2019ai parfois tent\u00e9 de nuancer certaines actions mais j\u2019ai surtout particip\u00e9 dans sa globalit\u00e9 au bon fonctionnement de la vie communale.<\/p>\n\n\n\n<h2 class=\"wp-block-heading is-style-text-subtitle is-style-text-subtitle--2\">Un doublement de la population sur trente ans<\/h2>\n\n\n\n<p class=\"is-style-default\">Sur les trente derni\u00e8res ann\u00e9es, <strong>la population de Torc\u00e9 en Vall\u00e9e est pass\u00e9e de 784 habitants en 1990 \u00e0 1412 en 2022<\/strong> (Sources Insee).<br>Cette hausse de population s\u2019est accompagn\u00e9e de grands travaux tels que la salle C\u00e9res, l\u2019\u00e9cole, l\u2019enfouissement des r\u00e9seaux, la voirie, l\u2019assainissement et ces investissements ont fortement impact\u00e9 les finances locales au d\u00e9but des ann\u00e9es 2000.<br>Le mandat de M.Yves Gicquel (2014-2020), a \u00e9t\u00e9 un mandat de transition o\u00f9 la marge de man\u0153uvre fut limit\u00e9e dans ses investissements et dans son fonctionnement. Ce fut un temps d\u2019extr\u00eame rigueur.<br>Les r\u00e9alit\u00e9s \u00e9conomiques n\u2019\u00e9taient plus celles des ann\u00e9es 1990-2010 o\u00f9 l\u2019Etat et l\u2019Europe venaient r\u00e9guli\u00e8rement en soutien aux communes rurales. De nombreux rappels \u00e9taient formul\u00e9s par la Sous-pr\u00e9fecture pour sommer notre commune de redresser ses finances.<br>L\u2019\u00e9quipe actuelle, en 2020, a donc h\u00e9rit\u00e9 d\u2019une gestion rigoureuse tenue sur la p\u00e9riode pr\u00e9c\u00e9dente.<\/p>\n\n\n\n<h2 class=\"wp-block-heading is-style-text-subtitle is-style-text-subtitle--3\">Quelles orientations pour les prochaines ann\u00e9es ?<\/h2>\n\n\n\n<p class=\"is-style-default\">A l\u2019avenir, des chantiers incontournables se pr\u00e9sentent \u00e0 notre collectivit\u00e9. Notamment l\u2019\u00e9glise et l\u2019ancien presbyt\u00e8re dont les d\u00e9sordres apparents obligent \u00e0 en limiter l\u2019acc\u00e8s au public. Le centre bourg qui ne correspond plus aux usages de la fr\u00e9quentation pi\u00e9tonne ou automobile. Sur ce dernier point, il faut savoir que le comptage effectu\u00e9 par <strong>le D\u00e9partement signale environ 2500 passages par jour de v\u00e9hicules<\/strong>, sur chacune des trois rues qui convergent vers le centre du village. C\u2019est un souci de s\u00e9curit\u00e9 majeur et de libre circulation pour tous qui doit d\u00e8s aujourd\u2019hui \u00eatre pris \u00e0 bras le corps. Qui n\u2019a pas eu son lot de mauvaises exp\u00e9riences dans la travers\u00e9e de bourg en tant que pi\u00e9ton, cycliste, automobiliste ou conducteur d\u2019engin agricole ou \u00e0 remorque ?<br>La configuration g\u00e9n\u00e9rale d\u2019un village rue, avec des largeurs h\u00e9rit\u00e9es du temps de la voiture \u00e0 cheval, conditionne des situations inconfortables au quotidien, sans parler des risques d\u2019accident. L\u2019absence ou la d\u00e9gradation des trottoirs obligent les pi\u00e9tons, les personnes \u00e0 mobilit\u00e9 r\u00e9duites ou les poussettes \u00e0 partager la route avec les v\u00e9hicules motoris\u00e9s. Cette situation ne peut satisfaire personne et ne peut plus \u00eatre ignor\u00e9e.<br>Au-del\u00e0 de ces chantiers d\u2019envergure, une gestion coordonn\u00e9e et une vision globale de la commune doit pouvoir concilier h\u00e9ritage et modernit\u00e9. Il ne s\u2019agit pas de figer le bourg mais de lui donner un cachet paysager, une coh\u00e9rence dans les cheminements, les usages et surtout de ne pas disperser les \u00e9nergies.<br><strong>Un village soign\u00e9, entretenu, respectant \u00e0 la fois le b\u00e2ti ancien tout en int\u00e9grant le b\u00e2ti contemporain est autant de valeur ajout\u00e9e pour l\u2019ensemble de votre patrimoine foncier.<\/strong><\/p>\n\n\n\n<h2 class=\"wp-block-heading is-style-text-subtitle is-style-text-subtitle--4\">\u00c9lection 2026 : une liste alternative pour une gestion responsable de la commune<\/h2>\n\n\n\n<p class=\"is-style-default\">Actuellement, une r\u00e9flexion est en cours avec des habitants et habitantes de Torc\u00e9 en Vall\u00e9e pour pr\u00e9senter une liste alternative face \u00e0 celle du Maire sortant.<br>Une liste avec des personnes et des id\u00e9es nouvelles, qui se veut \u00e0 l\u2019\u00e9coute de toutes et tous, avec l\u2019envie d\u2019adopter une gestion communale plus judicieuse et plus adapt\u00e9e aux diff\u00e9rents besoins de notre commune.<br>Les grands chantiers \u00e0 mener sur les prochaines ann\u00e9es, engageront la commune pour plusieurs d\u00e9cennies. <strong>Il s\u2019agira donc de faire les bons choix, ensemble, en mati\u00e8re de co\u00fbts d\u2019investissement, de traitement durable des travaux, d\u2019esth\u00e9tique des projets et de leur usage pratique au quotidien<\/strong>. Il est surtout indispensable de s\u2019atteler \u00e0 ces projets avec d\u00e9termination et de ne pas se disperser sur des sujets dont les retomb\u00e9es pour la collectivit\u00e9 s\u2019av\u00e8reraient hasardeuses.<br>Il sera indispensable de travailler avec les habitants, d\u2019\u00e9couter par des r\u00e9unions publiques, de soumettre des solutions pratiques et financi\u00e8res afin de satisfaire le plus grand nombre et donner \u00e0 Torc\u00e9 en Vall\u00e9e, le visage d\u2019une commune dynamique, au cadre de vie agr\u00e9able et \u00e0 la fiscalit\u00e9 maitris\u00e9e.<\/p>\n\n\n\n<h2 class=\"wp-block-heading is-style-text-subtitle is-style-text-subtitle--5\">Quel avenir pour le territoire ?<\/h2>\n\n\n\n<p class=\"is-style-default\">Il faut regarder aujourd\u2019hui les donn\u00e9es avec r\u00e9alisme. Le fort ralentissement des constructions depuis quinze ans, s\u2019accompagne d\u2019un certain vieillissement de la population torc\u00e9enne et \u00e0 terme se dessine une baisse d\u00e9mographique. <strong>D\u00e9j\u00e0, l\u2019\u00e9cole a ferm\u00e9 deux classes en moins de 10 ans.<\/strong><br>Quand nos jeunes quitteront le territoire pour le travail ou leur future vie de famille, la baisse de population sera in\u00e9luctable si rien n\u2019est fait. Comment palier \u00e0 cette situation pour pr\u00e9server le nombre d\u2019habitants et par l\u00e0, parlons vrai, le nombre de foyers fiscaux, source et ressource du fonctionnement communal ?<br><strong>Moins d\u2019habitants, c\u2019est r\u00e9partir sur moins de foyers les charges de fonctionnement et d\u2019investissement auxquelles la commune doit faire face.<\/strong> Or la maitrise du Plan Local d\u2019Urbanisme est \u00e0<br>pr\u00e9sent Intercommunal (PLUI) et sa derni\u00e8re version n\u2019encourage pas \u00e0 de nouvelles constructions. Il faut donc d\u2019ores et d\u00e9j\u00e0 r\u00e9fl\u00e9chir \u00e0 une nouvelle mani\u00e8re de voir le maintien ou le d\u00e9veloppement d\u00e9mographique des campagnes.<br>Nous avons le devoir de nous impliquer davantage dans la d\u00e9fense des int\u00e9r\u00eats communaux au sein de la Communaut\u00e9 de Communes, au sein des syndicats d\u2019eau ou d\u2019ordures m\u00e9nag\u00e8res (SMIRGEOMES). La voix de vos \u00e9lus municipaux compte aussi \u00e0 l\u2019\u00e9chelon Intercommunal et c\u2019est \u00e0 mon sens, un volet aujourd\u2019hui<br>n\u00e9glig\u00e9.<\/p>\n\n\n\n<h2 class=\"wp-block-heading is-style-text-subtitle is-style-text-subtitle--6\">Pourquoi une seconde liste ?<\/h2>\n\n\n\n<p class=\"is-style-default\">Parce que nous refusons d\u2019entendre que Torc\u00e9 en Vall\u00e9e soit qualifi\u00e9e de \u00ab commune dortoir \u00bb.<br>Nous pr\u00e9f\u00e9rons parler de commune r\u00e9sidentielle. Oui, la grande majorit\u00e9 d\u2019entre nous se rend \u00e0 l\u2019ext\u00e9rieur de la commune, chaque jour, chaque semaine pour y travailler, mais au retour, une vraie vie communale existe au travers des commerces, des artisans, des agriculteurs, au travers de tout le tissu associatif dont il faut reconna\u00eetre le travail et encourager les initiatives.<br>Pour donner du sens \u00e0 cet \u00e9chelon communal repr\u00e9sentatif de la d\u00e9mocratie, pour exprimer des id\u00e9es alternatives \u00e0 l\u2019actuelle majorit\u00e9 municipale, pour dessiner un nouvel avenir \u00e0 la commune et en faire, avec vous, un espace r\u00e9sidentiel agr\u00e9able, mesur\u00e9 dans ses d\u00e9cisions, partag\u00e9 dans ses usages, valorisant<br>pour notre habitat et notre cadre de vie.<br>D\u00e8s \u00e0 pr\u00e9sent, nous sommes \u00e0 votre \u00e9coute pour recevoir des id\u00e9es, des dol\u00e9ances, des suggestions et je mets \u00e0 disposition ma bo\u00eete aux lettres au 10 rue Notre dame (Ancien magasin de Mme Launay, pr\u00e8s de la boulangerie), \u00e0 Torc\u00e9 en Vall\u00e9e afin d\u2019y recevoir votre expression. N\u2019h\u00e9sitez pas \u00e0 nous glisser un mot<br>avec vos id\u00e9es, vos coordonn\u00e9es (Nom, t\u00e9l\u00e9phone, mail) pour que nous puissions vous adresser nos informations.<br>Dans l\u2019\u00e9t\u00e9, avec notre \u00e9quipe, nous mettrons en place un site internet et une bo\u00eete mail pour recevoir vos messages et vous informer de l\u2019avanc\u00e9e de notre d\u00e9marche.<br>En vous souhaitant un tr\u00e8s bel \u00e9t\u00e9, je vous prie de croire, Madame, Monsieur, en l\u2019expression de mes sentiments les meilleurs.<\/p>\n\n\n\n<p class=\"has-text-align-right is-style-default\">Vincent GUILLERME<br>Conseiller municipal<br>Candidat pour une liste alternative aux \u00e9lections 2026<\/p>\n\n\n\n<p><\/p>\n","protected":false},"excerpt":{"rendered":"<p>Madame, Monsieur, Habitant la commune depuis 1994, je suis \u00e9lu conseiller municipal en 2014 sur la liste de M.Yves Gicquel, Maire de 2014 \u00e0 2020, puis \u00e9lu comme conseiller issu de la liste \u00ab Torc\u00e9, notre village \u00bb, en 2020.Ce courrier vient en \u00e9cho \u00e0 la candidature de M. Jean Michel Royer, Maire, candidat \u00e0 [&hellip;]<\/p>\n","protected":false},"author":1,"featured_media":0,"parent":0,"menu_order":0,"comment_status":"closed","ping_status":"closed","template":"","meta":{"footnotes":""},"class_list":["post-34","page","type-page","status-publish","hentry"],"_links":{"self":[{"href":"https:\/\/torce2026.fr\/index.php?rest_route=\/wp\/v2\/pages\/34","targetHints":{"allow":["GET"]}}],"collection":[{"href":"https:\/\/torce2026.fr\/index.php?rest_route=\/wp\/v2\/pages"}],"about":[{"href":"https:\/\/torce2026.fr\/index.php?rest_route=\/wp\/v2\/types\/page"}],"author":[{"embeddable":true,"href":"https:\/\/torce2026.fr\/index.php?rest_route=\/wp\/v2\/users\/1"}],"replies":[{"embeddable":true,"href":"https:\/\/torce2026.fr\/index.php?rest_route=%2Fwp%2Fv2%2Fcomments&post=34"}],"version-history":[{"count":2,"href":"https:\/\/torce2026.fr\/index.php?rest_route=\/wp\/v2\/pages\/34\/revisions"}],"predecessor-version":[{"id":111,"href":"https:\/\/torce2026.fr\/index.php?rest_route=\/wp\/v2\/pages\/34\/revisions\/111"}],"wp:attachment":[{"href":"https:\/\/torce2026.fr\/index.php?rest_route=%2Fwp%2Fv2%2Fmedia&parent=34"}],"curies":[{"name":"wp","href":"https:\/\/api.w.org\/{rel}","templated":true}]}}