{"id":251,"date":"2026-02-14T11:30:44","date_gmt":"2026-02-14T10:30:44","guid":{"rendered":"https:\/\/torce2026.fr\/?page_id=251"},"modified":"2026-03-04T20:23:58","modified_gmt":"2026-03-04T19:23:58","slug":"mes-prises-de-position-au-cours-de-ce-dernier-mandat","status":"publish","type":"page","link":"https:\/\/torce2026.fr\/?page_id=251","title":{"rendered":"Mes prises de position au cours de ce dernier mandat"},"content":{"rendered":"\n<p>Conseiller depuis 2014, \u00e9lu de l\u2019opposition depuis 2020, je con\u00e7ois mon poste comme un r\u00f4le de force de proposition, de veille, et d\u2019engagement pour la collectivit\u00e9.<\/p>\n\n\n\n<p>Le Conseil municipal est <strong>un espace d\u00e9mocratique de proximit\u00e9<\/strong>, et il doit le rester. J\u2019ai travaill\u00e9 aux c\u00f4t\u00e9s de la majorit\u00e9 afin d\u2019assurer la bonne gestion des affaires communales. Toutefois, <strong>des divergences sont apparues au cours de ce dernier mandat<\/strong>, sur lesquelles <strong>je n\u2019ai pas apport\u00e9 mon soutien, <\/strong>notamment sur les points suivants :<\/p>\n\n\n\n<p>&#8211; La proposition de Monsieur le Maire visant <strong>\u00e0 une augmentation significative des indemnit\u00e9s des \u00e9lus<\/strong>, adopt\u00e9e lors du Conseil municipal du 15 mai 2020 (cf. compte rendu de d\u00e9lib\u00e9ration du 28\/05\/2020) *. Ces indemnit\u00e9s ont finalement \u00e9t\u00e9 revues \u00e0 la baisse lors du Conseil du 2 juin 2020 (cf. compte rendu de d\u00e9lib\u00e9ration du 15\/06\/2020) <sup data-fn=\"ec82b5f8-7aee-42a1-9772-3108f3d46a84\" class=\"fn\"><a href=\"#ec82b5f8-7aee-42a1-9772-3108f3d46a84\" id=\"ec82b5f8-7aee-42a1-9772-3108f3d46a84-link\">1<\/a><\/sup>, \u00e0 la suite des r\u00e9actions exprim\u00e9es par des \u00e9lus de l\u2019opposition ainsi que par certains membres de la majorit\u00e9. L\u2019\u00e9conomie r\u00e9alis\u00e9e s\u2019\u00e9l\u00e8vera \u00e0 5 750 \u20ac par an.<\/p>\n\n\n\n<p>&#8211; Au <strong>projet de vid\u00e9oprotection, jug\u00e9 excessivement co\u00fbteux<\/strong>, d\u2019un montant de 43 148 \u20ac HT (hors maintenance), pr\u00e9sent\u00e9 lors du Conseil municipal du 7 mars 2023 (cf. compte rendu de d\u00e9lib\u00e9ration du 07\/03\/2023) et finalement rejet\u00e9 par 10 voix contre.<\/p>\n\n\n\n<p>&#8211; A <strong>l\u2019installation du Totem num\u00e9rique pr\u00e8s de la mairie pour un montant de 10 401 \u20ac <\/strong>TTC et une maintenance de 610 \u20ac TTC\/an au-del\u00e0 de 2 ans (Cf. Compte rendu de d\u00e9lib\u00e9ration du 06\/05\/2024).<\/p>\n\n\n\n<p>&#8211; Je d\u00e9plore <strong>l\u2019absence d\u2019information et de concertation <\/strong>au sein m\u00eame du Conseil municipal pendant pr\u00e8s de huit mois concernant <strong>le projet d\u2019installation prochaine d\u2019une seconde antenne de t\u00e9l\u00e9phonie SFR\/Bouygues<\/strong>. Monsieur le Maire n\u2019a pas donn\u00e9e de suite \u00e0 la sollicitation de Bouygues de f\u00e9vrier \u00e0 octobre 2025. Le projet aurait pu \u00eatre implant\u00e9 sur le domaine public, et notamment sur l\u2019antenne existante (comme cela est le cas \u00e0 Saint C\u00e9lerin) avec perception d\u2019une redevance pour la commune. Il apparait d\u00e9sormais, \u00e0 la date du 10 f\u00e9vrier 2026, que le projet s\u2019oriente vers une implantation sur un terrain priv\u00e9.<\/p>\n\n\n\n<p>&#8211; A <strong>la proposition d\u2019achat d\u2019une friche artisanale, <\/strong>rue des Rosiers<strong>, <\/strong>avec un prix de vente affich\u00e9 \u00e0 75 000\u20ac. Monsieur le Maire souhaite avoir l\u2019autorisation de faire une offre \u00e0 50 000\u20ac en novembre 2021, dans la perspective de faire des cellules commerciales. La proposition d\u2019achat n\u2019\u00e9tant pas pr\u00e9c\u00e9d\u00e9e d\u2019un chiffrage pour globaliser : l\u2019achat, la d\u00e9molition, la reconstruction de plusieurs centaines de m\u00e8tres carr\u00e9. La destination du projet pour accueillir des cellules commerciales n\u2019est pas, elle-m\u00eame, clairement d\u00e9finie et chiffr\u00e9e. (Cf Compte rendu de d\u00e9lib\u00e9ration du 8 novembre 2021) <\/p>\n\n\n\n<div style=\"height:100px\" aria-hidden=\"true\" class=\"wp-block-spacer\"><\/div>\n\n\n\n<p>Par ailleurs d\u00e9but 2025, je m\u2019interroge sur des travaux engag\u00e9s sans l\u2019aval des B\u00e2timents de France et dont le choix des tuiles par la ma\u00eetrise d\u2019\u0153uvre a oblig\u00e9 \u00e0 reprendre en partie la toiture du b\u00e2ti face \u00e0 la mairie, co\u00fbt suppl\u00e9mentaire : + 4 046 \u20ac (Conseil Municipal de janvier 2025)<sup data-fn=\"1cc4ad98-75e7-48fa-930d-1634ef85f91d\" class=\"fn\"><a href=\"#1cc4ad98-75e7-48fa-930d-1634ef85f91d\" id=\"1cc4ad98-75e7-48fa-930d-1634ef85f91d-link\">2<\/a><\/sup>.<\/p>\n\n\n\n<p>Enfin je regrette \u00e9galement l<strong>es commissions trop rarement convoqu\u00e9es <\/strong>pour r\u00e9fl\u00e9chir aux am\u00e9nagements et aux investissements d\u00e9cid\u00e9s.<\/p>\n\n\n\n<p>Je demande depuis le d\u00e9but de ce mandat <strong>une v\u00e9ritable concertation sur les questions de s\u00e9curit\u00e9 pi\u00e9tonne et routi\u00e8re au sein et aux abords du village<\/strong>. Mes demandes restent class\u00e9es sans suite.<\/p>\n\n\n\n<h2 class=\"wp-block-heading\">R\u00e9union Publique<\/h2>\n\n\n\n<blockquote class=\"wp-block-quote is-layout-flow wp-block-quote-is-layout-flow\">\n<p><strong>Dimanche 1<sup>er<\/sup>  mars 2026 &#8211; Salle C\u00e9res <\/strong><\/p>\n\n\n\n<p><strong>10h &#8211; Pr\u00e9sentation de l\u2019\u00e9quipe<\/strong><\/p>\n\n\n\n<p><strong>10 h30 &#8211; D\u00e9part pour une visite conviviale du village et \u00e9change sur les projets<\/strong><\/p>\n\n\n\n<p><strong>La visite se cl\u00f4turera par un verre de l\u2019amiti\u00e9<\/strong><\/p>\n<\/blockquote>\n\n\n\n<hr class=\"wp-block-separator has-alpha-channel-opacity\"\/>\n\n\n<ol class=\"wp-block-footnotes\"><li id=\"ec82b5f8-7aee-42a1-9772-3108f3d46a84\">Les comptes-rendus municipaux sont en ligne sur le site de la mairie. Menu : Vie municipale, conseils municipaux. <a href=\"#ec82b5f8-7aee-42a1-9772-3108f3d46a84-link\" aria-label=\"Aller \u00e0 la note de bas de page 1\">\u21a9\ufe0e<\/a><\/li><li id=\"1cc4ad98-75e7-48fa-930d-1634ef85f91d\">A noter que la mise en ligne des comptes rendus municipaux n\u2019est plus effective sur le site depuis juillet 2024. <a href=\"#1cc4ad98-75e7-48fa-930d-1634ef85f91d-link\" aria-label=\"Aller \u00e0 la note de bas de page 2\">\u21a9\ufe0e<\/a><\/li><\/ol>\n\n\n<p><\/p>\n","protected":false},"excerpt":{"rendered":"<p>Conseiller depuis 2014, \u00e9lu de l\u2019opposition depuis 2020, je con\u00e7ois mon poste comme un r\u00f4le de force de proposition, de veille, et d\u2019engagement pour la collectivit\u00e9. Le Conseil municipal est un espace d\u00e9mocratique de proximit\u00e9, et il doit le rester. J\u2019ai travaill\u00e9 aux c\u00f4t\u00e9s de la majorit\u00e9 afin d\u2019assurer la bonne gestion des affaires communales. [&hellip;]<\/p>\n","protected":false},"author":1,"featured_media":0,"parent":0,"menu_order":0,"comment_status":"closed","ping_status":"closed","template":"","meta":{"footnotes":"[{\"content\":\"Les comptes-rendus municipaux sont en ligne sur le site de la mairie. Menu : Vie municipale, conseils municipaux.\",\"id\":\"ec82b5f8-7aee-42a1-9772-3108f3d46a84\"},{\"content\":\"A noter que la mise en ligne des comptes rendus municipaux n\u2019est plus effective sur le site depuis juillet 2024.\",\"id\":\"1cc4ad98-75e7-48fa-930d-1634ef85f91d\"}]"},"class_list":["post-251","page","type-page","status-publish","hentry"],"_links":{"self":[{"href":"https:\/\/torce2026.fr\/index.php?rest_route=\/wp\/v2\/pages\/251","targetHints":{"allow":["GET"]}}],"collection":[{"href":"https:\/\/torce2026.fr\/index.php?rest_route=\/wp\/v2\/pages"}],"about":[{"href":"https:\/\/torce2026.fr\/index.php?rest_route=\/wp\/v2\/types\/page"}],"author":[{"embeddable":true,"href":"https:\/\/torce2026.fr\/index.php?rest_route=\/wp\/v2\/users\/1"}],"replies":[{"embeddable":true,"href":"https:\/\/torce2026.fr\/index.php?rest_route=%2Fwp%2Fv2%2Fcomments&post=251"}],"version-history":[{"count":4,"href":"https:\/\/torce2026.fr\/index.php?rest_route=\/wp\/v2\/pages\/251\/revisions"}],"predecessor-version":[{"id":272,"href":"https:\/\/torce2026.fr\/index.php?rest_route=\/wp\/v2\/pages\/251\/revisions\/272"}],"wp:attachment":[{"href":"https:\/\/torce2026.fr\/index.php?rest_route=%2Fwp%2Fv2%2Fmedia&parent=251"}],"curies":[{"name":"wp","href":"https:\/\/api.w.org\/{rel}","templated":true}]}}